{"id":2392,"date":"2022-09-30T13:44:00","date_gmt":"2022-09-30T11:44:00","guid":{"rendered":"https:\/\/www.hotelcasajusta.com\/rechtlicher-hinweis\/"},"modified":"2025-12-30T12:52:43","modified_gmt":"2025-12-30T10:52:43","slug":"rechtlicher-hinweis","status":"publish","type":"page","link":"https:\/\/www.hotelcasajusta.com\/de\/rechtlicher-hinweis\/","title":{"rendered":"Rechtlicher Hinweis"},"content":{"rendered":"<section class=\"l-section wpb_row height_large\"><div class=\"l-section-h i-cf\"><div class=\"g-cols vc_row via_flex valign_top type_default stacking_default\"><div class=\"vc_col-sm-12 wpb_column vc_column_container\"><div class=\"vc_column-inner\"><div class=\"wpb_wrapper\">[vc_custom_heading text=&#8220;Rechtlicher Hinweis&#8220; font_container=&#8220;tag:h1|text_align:left&#8220; use_theme_fonts=&#8220;yes&#8220;]<div class=\"wpb_text_column\"><div class=\"wpb_wrapper\"><p>Um die Bestimmungen des Gesetzes 34\/2002 vom 11. Juli \u00fcber die Dienste der Informationsgesellschaft und den elektronischen Handel (LSSICE) zu erf\u00fcllen, werden nachfolgend die allgemeinen Informationen der Website www.hotelcasajusta.com aufgef\u00fchrt.<\/p>\n<h2>1. Unternehmen<\/h2>\n<p>SODISAN CEE SL<br \/>\nCIF: B93034312<br \/>\nTel.: 626 821 926<br \/>\n<span style=\"font-weight: 400;\">Calle M\u00e9ndez N\u00fa\u00f1ez, 106 1\u00baE 38001<\/span><br \/>\nE-Mail: info@hotelcasajusta.com<\/p>\n<h2>2. Nutzung der Website<\/h2>\n<p>Die Website wird zu Werbezwecken angeboten und informiert \u00fcber die verschiedenen von SODISAN CEE SL angebotenen Dienstleistungen, einem Unternehmen, das sich der Erbringung von Hoteldienstleistungen widmet.<\/p>\n<p>SODISAN CEE SL kann die auf dieser Website angebotenen Informationsdienste ohne vorherige Mitteilung an den Benutzer einstellen, was keine rechtliche Verpflichtung gegen\u00fcber diesem oder Dritten zur Folge hat.<\/p>\n<h2>3. Datenschutz<\/h2>\n<p>Die Informationen, die SODISAN CEE SL von den Nutzern dieser Website erfassen kann, werden ausschlie\u00dflich verwendet, um interessierten Parteien, die dies w\u00fcnschen, Informationen zukommen zu lassen und\/oder um alle Anfragen zu beantworten, die der Nutzer f\u00fcr angemessen h\u00e4lt. <\/p>\n<p>Weitere Informationen finden Sie in unserer Datenschutzerkl\u00e4rung.<\/p>\n<h2>4. Links zu Dritten<\/h2>\n<p>Im Falle von Links zu Websites Dritter unterliegt der Nutzer den Nutzungsbedingungen und Datenschutzbestimmungen der neuen Website und akzeptiert, dass SODISAN CEE SL weder verantwortlich noch rechtlich verpflichtet f\u00fcr die Nutzung dieser Websites ist.<\/p>\n<h2>5. Geistiges Eigentum<\/h2>\n<p>SODISAN CEE SL ist selbst oder als Zessionar oder Lizenznehmer Inhaber aller Rechte des geistigen und gewerblichen Eigentums an den Elementen, aus denen diese Website besteht, wodurch alle Rechte vorbehalten sind. Verhaltensweisen wie die Vervielf\u00e4ltigung, Verbreitung und \u00f6ffentliche Wiedergabe, einschlie\u00dflich ihrer Modalit\u00e4t der vollst\u00e4ndigen oder teilweisen Bereitstellung der Inhalte dieser Website f\u00fcr kommerzielle Zwecke gem\u00e4\u00df den Artikeln 8 und 21 des Gesetzes \u00fcber geistiges Eigentum, sind ausdr\u00fccklich untersagt. <\/p>\n<p>Der\/die Nutzer\/in der Website kann in jedem Fall die Elemente und Inhalte dieser Website einsehen und sie ausdrucken, speichern und sogar auf jedem Medium kopieren, sofern sie ausschlie\u00dflich f\u00fcr den pers\u00f6nlichen und privaten Gebrauch bestimmt sind.<\/p>\n<h2>6. Nutzungsbedingungen und Haftung<\/h2>\n<p>Der Nutzer der Website von SODISAN CEE SL verpflichtet sich, diese Website in \u00dcbereinstimmung mit dem Gesetz, der Moral und der \u00f6ffentlichen Ordnung zu nutzen. <\/p>\n<p>Was wir in folgenden Verhaltensweisen konkretisieren k\u00f6nnen, die der Nutzer zu unterlassen hat:<\/p>\n<p>Nicht autorisierte oder betr\u00fcgerische Nutzung der Website.<br \/>\nVersuch, unbefugten Zugriff durch seinen rechtm\u00e4\u00dfigen Inhaber zu erlangen.<br \/>\nJegliche Nutzung des Webportals f\u00fcr illegale Zwecke oder Zwecke, die Dritte sch\u00e4digen, oder mit der Absicht, die Website und die \u00fcbrigen Nutzer derselben zu sch\u00e4digen.<br \/>\nJegliche Sch\u00e4digung der Systeme, die diese Website f\u00fcr ihren Betrieb installiert haben k\u00f6nnte.<\/p>\n<p>Der Inhaber von SODISAN CEE SL haftet nur f\u00fcr die von ihm selbst erstellten und hinzugef\u00fcgten Inhalte, nicht f\u00fcr Links, die von Dritten eingef\u00fcgt werden k\u00f6nnten, oder f\u00fcr externe Links, die auf eine andere Website umleiten, deren Ver\u00e4nderung er nat\u00fcrlich nicht kontrolliert.<br \/>\nDer Eigent\u00fcmer beh\u00e4lt sich das Recht vor, ohne vorherige Ank\u00fcndigung alle \u00c4nderungen vorzunehmen, die er f\u00fcr angemessen h\u00e4lt, sowohl an seinen Inhalten als auch an den von ihm angebotenen Dienstleistungen. Dar\u00fcber hinaus beh\u00e4lt er sich das Recht vor, Inhalte, die er f\u00fcr unangebracht h\u00e4lt und die von Dritten hinzugef\u00fcgt wurden, zu genehmigen oder zu entfernen. <\/p>\n<h2>7. \u00c4nderungen der Nutzungsbedingungen<\/h2>\n<p>SODISAN CEE SL beh\u00e4lt sich das Recht vor, seine Nutzungsbedingungen und Datenschutzbestimmungen zu \u00e4ndern, wenn er dies f\u00fcr angemessen h\u00e4lt. Der Nutzer verpflichtet sich, den Inhalt dieser Nutzungsbedingungen zu \u00fcberpr\u00fcfen, da diese ohne vorherige Ank\u00fcndigung ge\u00e4ndert werden k\u00f6nnen. Ebenso versteht und akzeptiert er jede einzelne der in diesem Dokument enthaltenen Klauseln. Es liegt in der alleinigen Verantwortung des Nutzers, die oben genannten Bedingungen zu \u00fcberpr\u00fcfen.   <\/p>\n<h2>8. Anwendbares Recht und Gerichtsstand<\/h2>\n<p>Das anwendbare Recht im Falle von Streitigkeiten oder Konflikten bei der Auslegung der Bedingungen, aus denen dieser rechtliche Hinweis besteht, sowie alle Fragen im Zusammenhang mit den Dienstleistungen dieses Portals ist das spanische Recht.<br \/>\nZur Beilegung von Konflikten, die im Zusammenhang mit dem Besuch des Portals oder der Nutzung der darin ver\u00f6ffentlichten Inhalte entstehen k\u00f6nnen, werden diese vor den zust\u00e4ndigen Gerichten verhandelt.<\/p>\n<\/div><\/div><\/div><\/div><\/div><\/div><\/div><\/section>\n","protected":false},"excerpt":{"rendered":"[vc_custom_heading text=\"Rechtlicher Hinweis\" font_container=\"tag:h1|text_align:left\" use_theme_fonts=\"yes\"]Um die Bestimmungen des Gesetzes 34\/2002 vom 11. Juli \u00fcber die Dienste der Informationsgesellschaft und den elektronischen Handel (LSSICE) zu erf\u00fcllen, werden nachfolgend die allgemeinen Informationen der Website www.hotelcasajusta.com aufgef\u00fchrt. 1. Unternehmen SODISAN CEE SL CIF: B93034312 Tel.: 626 821 926 Calle M\u00e9ndez N\u00fa\u00f1ez, 106 1\u00baE 38001 E-Mail: info@hotelcasajusta.com 2. Nutzung...","protected":false},"author":1,"featured_media":0,"parent":0,"menu_order":0,"comment_status":"closed","ping_status":"open","template":"","meta":{"_acf_changed":false,"footnotes":""},"class_list":["post-2392","page","type-page","status-publish","hentry"],"acf":[],"yoast_head":"<!-- This site is optimized with the Yoast SEO plugin v27.3 - https:\/\/yoast.com\/product\/yoast-seo-wordpress\/ -->\n<title>Rechtlicher Hinweis - hotelcasajusta<\/title>\n<meta name=\"robots\" content=\"noindex, nofollow\" \/>\n<meta property=\"og:locale\" content=\"de_DE\" \/>\n<meta property=\"og:type\" content=\"article\" \/>\n<meta property=\"og:title\" content=\"Rechtlicher Hinweis - hotelcasajusta\" \/>\n<meta property=\"og:url\" content=\"https:\/\/www.hotelcasajusta.com\/de\/rechtlicher-hinweis\/\" \/>\n<meta property=\"og:site_name\" content=\"hotelcasajusta\" \/>\n<meta property=\"article:modified_time\" content=\"2025-12-30T10:52:43+00:00\" \/>\n<meta name=\"twitter:card\" content=\"summary_large_image\" \/>\n<meta name=\"twitter:label1\" content=\"Gesch\u00e4tzte Lesezeit\" \/>\n\t<meta name=\"twitter:data1\" content=\"4\u00a0Minute\" \/>\n<script type=\"application\/ld+json\" class=\"yoast-schema-graph\">{\"@context\":\"https:\\\/\\\/schema.org\",\"@graph\":[{\"@type\":\"WebPage\",\"@id\":\"https:\\\/\\\/www.hotelcasajusta.com\\\/de\\\/rechtlicher-hinweis\\\/\",\"url\":\"https:\\\/\\\/www.hotelcasajusta.com\\\/de\\\/rechtlicher-hinweis\\\/\",\"name\":\"Rechtlicher Hinweis - hotelcasajusta\",\"isPartOf\":{\"@id\":\"https:\\\/\\\/www.hotelcasajusta.com\\\/de\\\/#website\"},\"datePublished\":\"2022-09-30T11:44:00+00:00\",\"dateModified\":\"2025-12-30T10:52:43+00:00\",\"breadcrumb\":{\"@id\":\"https:\\\/\\\/www.hotelcasajusta.com\\\/de\\\/rechtlicher-hinweis\\\/#breadcrumb\"},\"inLanguage\":\"de\",\"potentialAction\":[{\"@type\":\"ReadAction\",\"target\":[\"https:\\\/\\\/www.hotelcasajusta.com\\\/de\\\/rechtlicher-hinweis\\\/\"]}]},{\"@type\":\"BreadcrumbList\",\"@id\":\"https:\\\/\\\/www.hotelcasajusta.com\\\/de\\\/rechtlicher-hinweis\\\/#breadcrumb\",\"itemListElement\":[{\"@type\":\"ListItem\",\"position\":1,\"name\":\"Portada\",\"item\":\"https:\\\/\\\/www.hotelcasajusta.com\\\/de\\\/\"},{\"@type\":\"ListItem\",\"position\":2,\"name\":\"Rechtlicher Hinweis\"}]},{\"@type\":\"WebSite\",\"@id\":\"https:\\\/\\\/www.hotelcasajusta.com\\\/de\\\/#website\",\"url\":\"https:\\\/\\\/www.hotelcasajusta.com\\\/de\\\/\",\"name\":\"hotelcasajusta\",\"description\":\"\",\"potentialAction\":[{\"@type\":\"SearchAction\",\"target\":{\"@type\":\"EntryPoint\",\"urlTemplate\":\"https:\\\/\\\/www.hotelcasajusta.com\\\/de\\\/?s={search_term_string}\"},\"query-input\":{\"@type\":\"PropertyValueSpecification\",\"valueRequired\":true,\"valueName\":\"search_term_string\"}}],\"inLanguage\":\"de\"}]}<\/script>\n<!-- \/ Yoast SEO plugin. -->","yoast_head_json":{"title":"Rechtlicher Hinweis - hotelcasajusta","robots":{"index":"noindex","follow":"nofollow"},"og_locale":"de_DE","og_type":"article","og_title":"Rechtlicher Hinweis - hotelcasajusta","og_url":"https:\/\/www.hotelcasajusta.com\/de\/rechtlicher-hinweis\/","og_site_name":"hotelcasajusta","article_modified_time":"2025-12-30T10:52:43+00:00","twitter_card":"summary_large_image","twitter_misc":{"Gesch\u00e4tzte Lesezeit":"4\u00a0Minute"},"schema":{"@context":"https:\/\/schema.org","@graph":[{"@type":"WebPage","@id":"https:\/\/www.hotelcasajusta.com\/de\/rechtlicher-hinweis\/","url":"https:\/\/www.hotelcasajusta.com\/de\/rechtlicher-hinweis\/","name":"Rechtlicher Hinweis - hotelcasajusta","isPartOf":{"@id":"https:\/\/www.hotelcasajusta.com\/de\/#website"},"datePublished":"2022-09-30T11:44:00+00:00","dateModified":"2025-12-30T10:52:43+00:00","breadcrumb":{"@id":"https:\/\/www.hotelcasajusta.com\/de\/rechtlicher-hinweis\/#breadcrumb"},"inLanguage":"de","potentialAction":[{"@type":"ReadAction","target":["https:\/\/www.hotelcasajusta.com\/de\/rechtlicher-hinweis\/"]}]},{"@type":"BreadcrumbList","@id":"https:\/\/www.hotelcasajusta.com\/de\/rechtlicher-hinweis\/#breadcrumb","itemListElement":[{"@type":"ListItem","position":1,"name":"Portada","item":"https:\/\/www.hotelcasajusta.com\/de\/"},{"@type":"ListItem","position":2,"name":"Rechtlicher Hinweis"}]},{"@type":"WebSite","@id":"https:\/\/www.hotelcasajusta.com\/de\/#website","url":"https:\/\/www.hotelcasajusta.com\/de\/","name":"hotelcasajusta","description":"","potentialAction":[{"@type":"SearchAction","target":{"@type":"EntryPoint","urlTemplate":"https:\/\/www.hotelcasajusta.com\/de\/?s={search_term_string}"},"query-input":{"@type":"PropertyValueSpecification","valueRequired":true,"valueName":"search_term_string"}}],"inLanguage":"de"}]}},"_links":{"self":[{"href":"https:\/\/www.hotelcasajusta.com\/de\/wp-json\/wp\/v2\/pages\/2392","targetHints":{"allow":["GET"]}}],"collection":[{"href":"https:\/\/www.hotelcasajusta.com\/de\/wp-json\/wp\/v2\/pages"}],"about":[{"href":"https:\/\/www.hotelcasajusta.com\/de\/wp-json\/wp\/v2\/types\/page"}],"author":[{"embeddable":true,"href":"https:\/\/www.hotelcasajusta.com\/de\/wp-json\/wp\/v2\/users\/1"}],"replies":[{"embeddable":true,"href":"https:\/\/www.hotelcasajusta.com\/de\/wp-json\/wp\/v2\/comments?post=2392"}],"version-history":[{"count":5,"href":"https:\/\/www.hotelcasajusta.com\/de\/wp-json\/wp\/v2\/pages\/2392\/revisions"}],"predecessor-version":[{"id":2402,"href":"https:\/\/www.hotelcasajusta.com\/de\/wp-json\/wp\/v2\/pages\/2392\/revisions\/2402"}],"wp:attachment":[{"href":"https:\/\/www.hotelcasajusta.com\/de\/wp-json\/wp\/v2\/media?parent=2392"}],"curies":[{"name":"wp","href":"https:\/\/api.w.org\/{rel}","templated":true}]}}