{"id":2322,"date":"2022-09-30T13:48:17","date_gmt":"2022-09-30T11:48:17","guid":{"rendered":"https:\/\/www.hotelcasajusta.com\/cookie-richtlinie\/"},"modified":"2025-12-30T12:52:25","modified_gmt":"2025-12-30T10:52:25","slug":"cookie-richtlinie","status":"publish","type":"page","link":"https:\/\/www.hotelcasajusta.com\/de\/cookie-richtlinie\/","title":{"rendered":"Cookie-Richtlinie"},"content":{"rendered":"<section class=\"l-section wpb_row height_large\"><div class=\"l-section-h i-cf\"><div class=\"g-cols vc_row via_flex valign_top type_default stacking_default\"><div class=\"vc_col-sm-12 wpb_column vc_column_container\"><div class=\"vc_column-inner\"><div class=\"wpb_wrapper\">[vc_custom_heading text=&#8220;Cookie-Richtlinie&#8220; font_container=&#8220;tag:h1|text_align:left&#8220; use_theme_fonts=&#8220;yes&#8220;]<div class=\"wpb_text_column\"><div class=\"wpb_wrapper\"><p>In \u00dcbereinstimmung mit den Bestimmungen des Gesetzes \u00fcber die Dienste der Informationsgesellschaft und des elektronischen Gesch\u00e4ftsverkehrs und in \u00dcbereinstimmung mit der europ\u00e4ischen Richtlinie 2009\/136\/CE sowie den \u00dcberarbeitungen des Europ\u00e4ischen Ausschusses in den Richtlinien 05\/2020 \u00fcber die Zustimmung informiert www.hotelcasajusta.com \u00fcber die Verwendung von Cookies und dar\u00fcber, dass Sie der Fortsetzung dieser Verwendung durch die blo\u00dfe Tatsache des weiteren Surfens auf diesem Webportal zustimmen.<\/p>\n<p>Cookies sind kleine Dateien, die beim Zugriff auf bestimmte Websites auf das Ger\u00e4t eines Benutzers heruntergeladen und dort gespeichert werden, um die Informationen der Navigation zu speichern, um sie zu erleichtern, das Ger\u00e4t, den Browser zu erkennen&#8230; Oder Daten f\u00fcr statistische Zwecke zu sammeln. In keinem Fall handelt es sich um Viren oder sch\u00e4dliche Systeme f\u00fcr den Benutzer. <\/p>\n<p>Durch die Annahme der Cookie-Ank\u00fcndigung, die zu Beginn der Navigation auf der Website erscheint, oder durch die Konfiguration der Cookies dieser Website, akzeptieren Sie ausdr\u00fccklich die Verwendung dieser Cookies auf Ihren Ger\u00e4ten. Wenn Sie die Cookies deaktivieren, ist Ihre Navigation auf der Website m\u00f6glicherweise nicht optimal und einige der auf der Website verf\u00fcgbaren Dienstprogramme funktionieren m\u00f6glicherweise nicht richtig. <\/p>\n<h2>Arten von Cookies (Quelle: Spanische Agentur f\u00fcr Datenschutz)<\/h2>\n<h3>1. Arten von Cookies je nach der Stelle, die sie verwaltet.<\/h3>\n<p>Je nachdem, wer die Stelle ist, die das Ger\u00e4t oder die Domain verwaltet, von wo aus die Cookies gesendet werden und die Daten verarbeitet, die erhalten werden, k\u00f6nnen wir unterscheiden:<\/p>\n<p><u>\u2013 Eigene Cookies:<\/u> Das sind diejenigen, die an das Endger\u00e4t des Benutzers von einem Ger\u00e4t oder einer Domain gesendet werden, die vom Herausgeber selbst verwaltet wird und von der aus der vom Benutzer angeforderte Dienst bereitgestellt wird.<\/p>\n<p><u>\u2013 Cookies von Dritten:<\/u> Das sind diejenigen, die an das Endger\u00e4t des Benutzers von einem Ger\u00e4t oder einer Domain gesendet werden, die nicht vom Herausgeber verwaltet wird, sondern von einer anderen Stelle, die die durch die Cookies erhaltenen Daten verarbeitet.<\/p>\n<p>F\u00fcr den Fall, dass die Cookies von einem Ger\u00e4t oder einer Domain installiert werden, die vom Herausgeber selbst verwaltet wird, aber die Informationen, die durch diese gesammelt werden, von einem Dritten verwaltet werden, k\u00f6nnen sie nicht als eigene Cookies betrachtet werden.<\/p>\n<h3>2. Arten von Cookies je nach der Dauer, die sie aktiviert bleiben<\/h3>\n<p>Je nach der Dauer, die sie auf dem Endger\u00e4t aktiviert bleiben, k\u00f6nnen wir <u>unterscheiden:<\/u><\/p>\n<p><u>\u2013 Session-Cookies:<\/u> Das sind eine Art von Cookies, die entwickelt wurden, um Daten zu sammeln und zu speichern, w\u00e4hrend der Benutzer auf eine Webseite zugreift.<\/p>\n<p>Sie werden in der Regel verwendet, um Informationen zu speichern, die nur f\u00fcr die Erbringung der vom Benutzer angeforderten Dienstleistung bei einer einzigen Gelegenheit von Interesse sind (z. B. eine Liste der erworbenen Produkte).<\/p>\n<p><u>\u2013 Persistente Cookies<\/u>: Das sind eine Art von Cookies, bei denen die Daten weiterhin im Terminal gespeichert werden und w\u00e4hrend eines Zeitraums, der vom Verantwortlichen f\u00fcr den Cookie definiert wird, aufgerufen und verarbeitet werden k\u00f6nnen, und der von einigen Minuten bis zu mehreren Jahren dauern kann.<\/p>\n<h3>3. Arten von Cookies je nach ihrem Zweck<\/h3>\n<p>Je nach dem Zweck, f\u00fcr den die durch die Cookies erhaltenen Daten verarbeitet werden, k\u00f6nnen wir unterscheiden zwischen:<\/p>\n<p>\u2013 <u>Technische Cookies:<\/u> Das sind diejenigen, die dem Benutzer die Navigation durch eine Webseite, Plattform oder Anwendung und die Nutzung der verschiedenen Optionen oder Dienste erm\u00f6glichen, die es darin gibt, wie z. B. die Kontrolle des Datenverkehrs und der Datenkommunikation, die Identifizierung der Sitzung, der Zugriff auf Teile mit eingeschr\u00e4nktem Zugriff, das Erinnern an die Elemente, die eine Bestellung bilden, die Durchf\u00fchrung des Kaufprozesses einer Bestellung, die Durchf\u00fchrung des Antrags auf Registrierung oder Teilnahme an einer Veranstaltung, die Verwendung von Sicherheitselementen w\u00e4hrend der Navigation, das Speichern von Inhalten f\u00fcr die Verbreitung von Videos oder Ton oder das Teilen von Inhalten \u00fcber soziale Netzwerke.<\/p>\n<p><u>\u2013 Personalisierungs-Cookies:<\/u> Das sind diejenigen, die dem Benutzer den Zugriff auf den Dienst mit einigen allgemeinen Merkmalen erm\u00f6glichen, die vordefiniert sind, basierend auf einer Reihe von Kriterien im Terminal des Benutzers, wie z. B. die Sprache, der Browsertyp, \u00fcber den er auf den Dienst zugreift, die regionale Konfiguration, von wo aus er auf den Dienst zugreift, usw.<\/p>\n<p><u>\u2013 Analyse-Cookies:<\/u> Das sind diejenigen, die dem Verantwortlichen f\u00fcr diese die Verfolgung und Analyse des Verhaltens der Benutzer der Websites erm\u00f6glichen, mit denen sie verbunden sind. Die durch diese Art von Cookies gesammelten Informationen werden bei der Messung der Aktivit\u00e4t der Websites, Anwendung oder Plattform und f\u00fcr die Erstellung von Navigationsprofilen der Benutzer dieser Websites, Anwendungen und Plattformen verwendet, um Verbesserungen auf der Grundlage der Analyse der Nutzungsdaten einzuf\u00fchren, die die Benutzer des Dienstes machen. <\/p>\n<p>Konkret verwendet SODISAN CEE SL die Cookies f\u00fcr die Zwecke, die im Folgenden aufgef\u00fchrt sind. Wenn in Zukunft andere Technologien verwendet werden, um mehr und bessere Dienstleistungen zu erbringen, wird der Benutzer dar\u00fcber informiert. <\/p>\n<h3>4. Technische Cookies<\/h3>\n<p>Die technischen Cookies sind unerl\u00e4sslich, damit Sie sich auf einer Webseite bewegen und ihre Funktionen nutzen k\u00f6nnen. Im Allgemeinen erm\u00f6glichen diese Cookies die verschiedenen Funktionen der Webseite, machen Ihre Navigation sicherer oder bieten Funktionen, die zuvor vom Benutzer angefordert wurden. Da sie f\u00fcr das Funktionieren der Website notwendig sind, sind diese Cookies standardm\u00e4\u00dfig aktiviert und k\u00f6nnen nicht abgelehnt werden.  <\/p>\n<p>Diese Website verwendet technische Cookies, die f\u00fcr Folgendes erforderlich sind:<\/p>\n<ul>\n<li>eine sichere und ununterbrochene Navigation auf unserer Website zu gew\u00e4hrleisten;<\/li>\n<li>die Pr\u00e4ferenzen des Benutzers in Bezug auf die Konfiguration, Annahme oder Ablehnung der Cookies der Website zu speichern.<\/li>\n<li>Den Inhalt (wie Artikel und Blog-Eintr\u00e4ge) in den verschiedenen sozialen Netzwerken (wie Twitter oder Facebook) zu teilen.<\/li>\n<\/ul>\n<h3>5. Analytische Cookies<\/h3>\n<p>Diese Cookies erm\u00f6glichen die Verfolgung und Analyse des Verhaltens der Benutzer, die auf der Website navigieren. Die durch diese Art von Cookies gesammelten Informationen werden bei der Messung der Aktivit\u00e4t der Websites, Anwendung oder Plattform verwendet, um Verbesserungen auf der Grundlage der Analyse der Nutzungsdaten einzuf\u00fchren, die die Benutzer des Dienstes machen. <\/p>\n<h2>Cookies, die SODISAN CEE SL verwendet<\/h2>\n<table class=\"table\">\n<thead>\n<tr>\n<th>COOKIE<\/th>\n<th>ZWECK<\/th>\n<th>EIGENT\u00dcMER<\/th>\n<\/tr>\n<\/thead>\n<tbody>\n<tr>\n<td>NID<\/td>\n<td>Informationen f\u00fcr die in der Website enthaltene Google-Suchmaschine (Google CSE) zu sammeln. Einschlie\u00dflich der Nutzung von Google Maps. Persistente Cookies.  <\/td>\n<td>Cookie von Google. +info: http:\/\/www.google.es\/intl\/es\/policies\/technologies\/types\/ <\/td>\n<\/tr>\n<tr>\n<td>_ga, _gat, _gid, _secure_3PAPSID, _secure_3PSID<\/td>\n<td>Cookies, die von Google Analytics verwendet werden und eine anonyme Kennung enthalten, die zur Unterscheidung von Benutzern verwendet wird. Sie sind analytischer und statistischer Natur. Dauer: _ga: 2 Jahre\/ _gat:10 Minuten\/ _gid:24 h\/ __SEGURE 3PAPSID 18 Monate\/ __SECURE 3PISID 1 Jahr;  <\/td>\n<td rowspan=\"2\">GOOGLE ANALYTICS: Tool, das Website-Besitzern hilft zu messen, wie Benutzer mit den Inhalten der Website interagieren. Google Analytics, ein Webanalysedienst, der von Google, Inc. mit Sitz in den Vereinigten Staaten mit Hauptsitz in 1600 Amphitheatre Parkway, Mountain View, California 94043, bereitgestellt wird. F\u00fcr die Bereitstellung dieser Dienste verwenden diese Cookies, die Informationen sammeln, einschlie\u00dflich der IP-Adresse des Benutzers, die von Google gem\u00e4\u00df den auf der Google.com-Website festgelegten Bedingungen \u00fcbertragen, verarbeitet und gespeichert wird. Einschlie\u00dflich der m\u00f6glichen \u00dcbertragung dieser Informationen an Dritte aus Gr\u00fcnden der Gat_gtag_UA Enth\u00e4lt Informationen \u00fcber die Kampagne in Bezug auf den Benutzer. Wenn Sie Ihre Google Analytics- und AdWords-Konten verkn\u00fcpft haben, lesen die Conversion-Tags von Websites dieses Cookie, es sei denn, Sie deaktivieren es. Dauer von 90 Tagen gesetzliche Anforderung oder wenn diese Dritten die Informationen im Auftrag von Google verarbeiten      <\/td>\n<\/tr>\n<tr>\n<td>Gat_gtag_UA<\/td>\n<td>Enth\u00e4lt Informationen \u00fcber die Kampagne in Bezug auf den Benutzer. Wenn Sie Ihre Google Analytics- und AdWords-Konten verkn\u00fcpft haben, lesen die Conversion-Tags von Websites dieses Cookie, es sei denn, Sie deaktivieren es. Dauer von 90 Tagen<\/td>\n<td><\/td>\n<\/tr>\n<tr>\n<td>Optanonalertboxclosed, optanonconsent, SBvirtudtelf, Eupubsonsent<\/td>\n<td>Cookies, die vom Cookie-Verwaltungsmodul installiert werden und zur Speicherung und Bestimmung der Benutzerauswahl verwendet werden. Dauer ein Jahr<\/td>\n<td>ONE TURST: https:\/\/www.onetrust.com\/privacy\/<\/td>\n<\/tr>\n<\/tbody>\n<\/table>\n<h2>Kontrolle des L\u00f6schens von Cookies<\/h2>\n<p>Mit dem Cookie-Konfigurationsmodul haben Sie die M\u00f6glichkeit, Cookies, die Ihre Zustimmung erfordern, abzulehnen oder zu akzeptieren. Sie k\u00f6nnen Cookies auch blockieren und l\u00f6schen, indem Sie die Einstellungen Ihres Browsers \u00e4ndern. Um die Cookies zu verwalten, erm\u00f6glichen die meisten Browser, alle Cookies abzulehnen oder zu akzeptieren oder nur bestimmte Arten von Cookies zu akzeptieren. Der Prozess f\u00fcr die Verwaltung und das L\u00f6schen von Cookies finden Sie in der in den Browser integrierten Hilfefunktion. Wenn Sie die Verwendung von Cookies einschr\u00e4nken m\u00f6chten, k\u00f6nnen Sie nicht alle interaktiven Funktionen unserer Website nutzen.    <\/p>\n<p>Ebenso k\u00f6nnen Sie die auf Ihrem Computer installierten Cookies \u00fcber die Konfiguration der Optionen des auf Ihrem Computer installierten Browsers zulassen, blockieren oder l\u00f6schen:<\/p>\n<p>Firefox: https:\/\/support.mozilla.org\/es\/kb\/habilitar-y-deshabilitar-cookies-sitios-web\u2026<\/p>\n<p>Chrome: https:\/\/support.google.com\/accounts\/answer\/61416?hl=es<\/p>\n<p>Explorer: https:\/\/support.microsoft.com\/es-es\/help\/17442\/windows-internet-explorer-dele<\/p>\n<p>Safari: https:\/\/support.apple.com\/es-es\/guide\/safari\/sfri11471\/mac<\/p>\n<p>Opera: https:\/\/help.opera.com\/Windows\/11.50\/es-ES\/cookies.html<\/p>\n<\/div><\/div><\/div><\/div><\/div><\/div><\/div><\/section>\n","protected":false},"excerpt":{"rendered":"[vc_custom_heading text=\"Cookie-Richtlinie\" font_container=\"tag:h1|text_align:left\" use_theme_fonts=\"yes\"]In \u00dcbereinstimmung mit den Bestimmungen des Gesetzes \u00fcber die Dienste der Informationsgesellschaft und des elektronischen Gesch\u00e4ftsverkehrs und in \u00dcbereinstimmung mit der europ\u00e4ischen Richtlinie 2009\/136\/CE sowie den \u00dcberarbeitungen des Europ\u00e4ischen Ausschusses in den Richtlinien 05\/2020 \u00fcber die Zustimmung informiert www.hotelcasajusta.com \u00fcber die Verwendung von Cookies und dar\u00fcber, dass Sie der Fortsetzung dieser Verwendung...","protected":false},"author":1,"featured_media":0,"parent":0,"menu_order":0,"comment_status":"closed","ping_status":"open","template":"","meta":{"_acf_changed":false,"footnotes":""},"class_list":["post-2322","page","type-page","status-publish","hentry"],"acf":[],"yoast_head":"<!-- This site is optimized with the Yoast SEO plugin v27.3 - https:\/\/yoast.com\/product\/yoast-seo-wordpress\/ -->\n<title>Cookie-Richtlinie - hotelcasajusta<\/title>\n<meta name=\"robots\" content=\"noindex, nofollow\" \/>\n<meta property=\"og:locale\" content=\"de_DE\" \/>\n<meta property=\"og:type\" content=\"article\" \/>\n<meta property=\"og:title\" content=\"Cookie-Richtlinie - hotelcasajusta\" \/>\n<meta property=\"og:url\" content=\"https:\/\/www.hotelcasajusta.com\/de\/cookie-richtlinie\/\" \/>\n<meta property=\"og:site_name\" content=\"hotelcasajusta\" \/>\n<meta property=\"article:modified_time\" content=\"2025-12-30T10:52:25+00:00\" \/>\n<meta name=\"twitter:card\" content=\"summary_large_image\" \/>\n<meta name=\"twitter:label1\" content=\"Gesch\u00e4tzte Lesezeit\" \/>\n\t<meta name=\"twitter:data1\" content=\"8\u00a0Minute\" \/>\n<script type=\"application\/ld+json\" class=\"yoast-schema-graph\">{\"@context\":\"https:\\\/\\\/schema.org\",\"@graph\":[{\"@type\":\"WebPage\",\"@id\":\"https:\\\/\\\/www.hotelcasajusta.com\\\/de\\\/cookie-richtlinie\\\/\",\"url\":\"https:\\\/\\\/www.hotelcasajusta.com\\\/de\\\/cookie-richtlinie\\\/\",\"name\":\"Cookie-Richtlinie - hotelcasajusta\",\"isPartOf\":{\"@id\":\"https:\\\/\\\/www.hotelcasajusta.com\\\/de\\\/#website\"},\"datePublished\":\"2022-09-30T11:48:17+00:00\",\"dateModified\":\"2025-12-30T10:52:25+00:00\",\"breadcrumb\":{\"@id\":\"https:\\\/\\\/www.hotelcasajusta.com\\\/de\\\/cookie-richtlinie\\\/#breadcrumb\"},\"inLanguage\":\"de\",\"potentialAction\":[{\"@type\":\"ReadAction\",\"target\":[\"https:\\\/\\\/www.hotelcasajusta.com\\\/de\\\/cookie-richtlinie\\\/\"]}]},{\"@type\":\"BreadcrumbList\",\"@id\":\"https:\\\/\\\/www.hotelcasajusta.com\\\/de\\\/cookie-richtlinie\\\/#breadcrumb\",\"itemListElement\":[{\"@type\":\"ListItem\",\"position\":1,\"name\":\"Portada\",\"item\":\"https:\\\/\\\/www.hotelcasajusta.com\\\/de\\\/\"},{\"@type\":\"ListItem\",\"position\":2,\"name\":\"Cookie-Richtlinie\"}]},{\"@type\":\"WebSite\",\"@id\":\"https:\\\/\\\/www.hotelcasajusta.com\\\/de\\\/#website\",\"url\":\"https:\\\/\\\/www.hotelcasajusta.com\\\/de\\\/\",\"name\":\"hotelcasajusta\",\"description\":\"\",\"potentialAction\":[{\"@type\":\"SearchAction\",\"target\":{\"@type\":\"EntryPoint\",\"urlTemplate\":\"https:\\\/\\\/www.hotelcasajusta.com\\\/de\\\/?s={search_term_string}\"},\"query-input\":{\"@type\":\"PropertyValueSpecification\",\"valueRequired\":true,\"valueName\":\"search_term_string\"}}],\"inLanguage\":\"de\"}]}<\/script>\n<!-- \/ Yoast SEO plugin. -->","yoast_head_json":{"title":"Cookie-Richtlinie - hotelcasajusta","robots":{"index":"noindex","follow":"nofollow"},"og_locale":"de_DE","og_type":"article","og_title":"Cookie-Richtlinie - hotelcasajusta","og_url":"https:\/\/www.hotelcasajusta.com\/de\/cookie-richtlinie\/","og_site_name":"hotelcasajusta","article_modified_time":"2025-12-30T10:52:25+00:00","twitter_card":"summary_large_image","twitter_misc":{"Gesch\u00e4tzte Lesezeit":"8\u00a0Minute"},"schema":{"@context":"https:\/\/schema.org","@graph":[{"@type":"WebPage","@id":"https:\/\/www.hotelcasajusta.com\/de\/cookie-richtlinie\/","url":"https:\/\/www.hotelcasajusta.com\/de\/cookie-richtlinie\/","name":"Cookie-Richtlinie - hotelcasajusta","isPartOf":{"@id":"https:\/\/www.hotelcasajusta.com\/de\/#website"},"datePublished":"2022-09-30T11:48:17+00:00","dateModified":"2025-12-30T10:52:25+00:00","breadcrumb":{"@id":"https:\/\/www.hotelcasajusta.com\/de\/cookie-richtlinie\/#breadcrumb"},"inLanguage":"de","potentialAction":[{"@type":"ReadAction","target":["https:\/\/www.hotelcasajusta.com\/de\/cookie-richtlinie\/"]}]},{"@type":"BreadcrumbList","@id":"https:\/\/www.hotelcasajusta.com\/de\/cookie-richtlinie\/#breadcrumb","itemListElement":[{"@type":"ListItem","position":1,"name":"Portada","item":"https:\/\/www.hotelcasajusta.com\/de\/"},{"@type":"ListItem","position":2,"name":"Cookie-Richtlinie"}]},{"@type":"WebSite","@id":"https:\/\/www.hotelcasajusta.com\/de\/#website","url":"https:\/\/www.hotelcasajusta.com\/de\/","name":"hotelcasajusta","description":"","potentialAction":[{"@type":"SearchAction","target":{"@type":"EntryPoint","urlTemplate":"https:\/\/www.hotelcasajusta.com\/de\/?s={search_term_string}"},"query-input":{"@type":"PropertyValueSpecification","valueRequired":true,"valueName":"search_term_string"}}],"inLanguage":"de"}]}},"_links":{"self":[{"href":"https:\/\/www.hotelcasajusta.com\/de\/wp-json\/wp\/v2\/pages\/2322","targetHints":{"allow":["GET"]}}],"collection":[{"href":"https:\/\/www.hotelcasajusta.com\/de\/wp-json\/wp\/v2\/pages"}],"about":[{"href":"https:\/\/www.hotelcasajusta.com\/de\/wp-json\/wp\/v2\/types\/page"}],"author":[{"embeddable":true,"href":"https:\/\/www.hotelcasajusta.com\/de\/wp-json\/wp\/v2\/users\/1"}],"replies":[{"embeddable":true,"href":"https:\/\/www.hotelcasajusta.com\/de\/wp-json\/wp\/v2\/comments?post=2322"}],"version-history":[{"count":11,"href":"https:\/\/www.hotelcasajusta.com\/de\/wp-json\/wp\/v2\/pages\/2322\/revisions"}],"predecessor-version":[{"id":2358,"href":"https:\/\/www.hotelcasajusta.com\/de\/wp-json\/wp\/v2\/pages\/2322\/revisions\/2358"}],"wp:attachment":[{"href":"https:\/\/www.hotelcasajusta.com\/de\/wp-json\/wp\/v2\/media?parent=2322"}],"curies":[{"name":"wp","href":"https:\/\/api.w.org\/{rel}","templated":true}]}}