{"id":2023,"date":"2025-10-07T15:12:39","date_gmt":"2025-10-07T13:12:39","guid":{"rendered":"https:\/\/www.hotelcasajusta.com\/blog\/"},"modified":"2025-12-30T12:51:12","modified_gmt":"2025-12-30T10:51:12","slug":"blog","status":"publish","type":"page","link":"https:\/\/www.hotelcasajusta.com\/de\/blog\/","title":{"rendered":"Blog"},"content":{"rendered":"<section class=\"l-section wpb_row us_custom_5ddf9f0e blog-section height_large\"><div class=\"l-section-h i-cf\"><div class=\"g-cols vc_row via_flex valign_top type_default stacking_default\"><div class=\"vc_col-sm-12 wpb_column vc_column_container\"><div class=\"vc_column-inner\"><div class=\"wpb_wrapper\">[vc_custom_heading text=&#8220;Verpassen Sie nicht unseren Blog&#8220; font_container=&#8220;tag:h2|text_align:center&#8220; google_fonts=&#8220;font_family:Raleway%3A100%2C200%2C300%2Cregular%2C500%2C600%2C700%2C800%2C900|font_style:400%20regular%3A400%3Anormal&#8220; tag_name=&#8220;h2&#8243; css=&#8220;%7B%22default%22%3A%7B%22text-align%22%3A%22center%22%2C%22font-size%22%3A%22%22%2C%22font-weight%22%3A%22500%22%2C%22text-transform%22%3A%22uppercase%22%2C%22margin-left%22%3A%220%22%7D%2C%22laptops%22%3A%7B%22text-align%22%3A%22center%22%2C%22font-size%22%3A%221.5rem%22%2C%22font-weight%22%3A%22500%22%2C%22text-transform%22%3A%22uppercase%22%7D%2C%22tablets%22%3A%7B%22text-align%22%3A%22center%22%2C%22font-size%22%3A%22%22%2C%22font-weight%22%3A%22500%22%2C%22text-transform%22%3A%22uppercase%22%7D%2C%22mobiles%22%3A%7B%22text-align%22%3A%22center%22%2C%22font-size%22%3A%22%22%2C%22font-weight%22%3A%22500%22%2C%22text-transform%22%3A%22uppercase%22%7D%7D&#8220;]<div class=\"w-separator size_small\"><\/div><div class=\"w-grid type_carousel layout_240 items_3\" id=\"us_grid_1\" style=\"--items:3;--gap:1rem;\"><style>.layout_240 .w-grid-item-h{}.layout_240 .usg_vwrapper_1{background:var(--color-header-transparent-text)!important}.layout_240 .usg_post_title_1{color:var(--color-header-middle-text)!important;padding-left:2rem!important;padding-top:1rem!important;padding-right:2rem!important}.layout_240 .usg_post_content_1{padding-left:2rem!important;padding-right:2rem!important}.layout_240 .usg_post_date_1{padding-left:2rem!important;padding-bottom:1.5rem!important}<\/style><div class=\"w-grid-list owl-carousel valign_stretch dotstyle_circle navstyle_3 navpos_outside owl-responsive-2000 with_arrows\" style=\"--transition-duration:350ms;--arrows-size:3rem;\">\t<article class=\"w-grid-item post-2564 post type-post status-publish format-standard has-post-thumbnail hentry category-nicht-kategorisiert\" data-id=\"2564\">\n\t\t<div class=\"w-grid-item-h\">\n\t\t\t\t\t\t<div class=\"w-vwrapper usg_vwrapper_1 align_none valign_top\"><div class=\"w-post-elm post_image usg_post_image_1 stretched\"><a href=\"https:\/\/www.hotelcasajusta.com\/de\/was-kann-man-im-norden-von-teneriffa-unternehmen\/\" aria-label=\"Was kann man im Norden von Teneriffa unternehmen?\"><img loading=\"lazy\" decoding=\"async\" width=\"300\" height=\"169\" src=\"https:\/\/www.hotelcasajusta.com\/wp-content\/uploads\/2025\/12\/que-hacer-en-tenerife-norte-300x169.jpg\" class=\"attachment-medium size-medium wp-post-image\" alt=\"Was man im Norden von Teneriffa unternehmen kann\" srcset=\"https:\/\/www.hotelcasajusta.com\/wp-content\/uploads\/2025\/12\/que-hacer-en-tenerife-norte-300x169.jpg 300w, https:\/\/www.hotelcasajusta.com\/wp-content\/uploads\/2025\/12\/que-hacer-en-tenerife-norte.jpg 1024w\" sizes=\"auto, (max-width: 300px) 100vw, 300px\" \/><\/a><\/div><p class=\"w-post-elm post_title usg_post_title_1 has_text_color entry-title\"><a href=\"https:\/\/www.hotelcasajusta.com\/de\/was-kann-man-im-norden-von-teneriffa-unternehmen\/\">Was kann man im Norden von Teneriffa unternehmen?<\/a><\/p><div class=\"w-post-elm post_content usg_post_content_1\">Was kann man im Norden von Teneriffa unternehmen? Sie wissen nicht, was Sie im Norden von Teneriffa unternehmen sollen? An diesem herrlichen Ort k\u00f6nnen Sie einzigartige gr\u00fcne Landschaften, D\u00f6rfer mit&hellip;<\/div><time class=\"w-post-elm post_date usg_post_date_1 entry-date published\" datetime=\"2025-12-16T16:18:27+02:00\" title=\"16 Dezember 2025 um 16:18:27 +02:00\u00a0Uhr\">vor 4\u00a0Monaten<\/time><\/div>\t\t<\/div>\n\t\t\t<\/article>\n\t<article class=\"w-grid-item post-2545 post type-post status-publish format-standard has-post-thumbnail hentry category-nicht-kategorisiert\" data-id=\"2545\">\n\t\t<div class=\"w-grid-item-h\">\n\t\t\t\t\t\t<div class=\"w-vwrapper usg_vwrapper_1 align_none valign_top\"><div class=\"w-post-elm post_image usg_post_image_1 stretched\"><a href=\"https:\/\/www.hotelcasajusta.com\/de\/weine-aus-teneriffa-ein-erlebnis-fuer-die-sinne\/\" aria-label=\"Weine aus Teneriffa: ein Erlebnis f\u00fcr die Sinne\"><img loading=\"lazy\" decoding=\"async\" width=\"300\" height=\"130\" src=\"https:\/\/www.hotelcasajusta.com\/wp-content\/uploads\/2025\/10\/Mask-group-300x130.png\" class=\"attachment-medium size-medium wp-post-image\" alt=\"\" srcset=\"https:\/\/www.hotelcasajusta.com\/wp-content\/uploads\/2025\/10\/Mask-group-300x130.png 300w, https:\/\/www.hotelcasajusta.com\/wp-content\/uploads\/2025\/10\/Mask-group.png 497w\" sizes=\"auto, (max-width: 300px) 100vw, 300px\" \/><\/a><\/div><p class=\"w-post-elm post_title usg_post_title_1 has_text_color entry-title\"><a href=\"https:\/\/www.hotelcasajusta.com\/de\/weine-aus-teneriffa-ein-erlebnis-fuer-die-sinne\/\">Weine aus Teneriffa: ein Erlebnis f\u00fcr die Sinne<\/a><\/p><div class=\"w-post-elm post_content usg_post_content_1\">Touren durch Weing\u00fcter, Weinproben und Tipps f\u00fcr Weinliebhaber im Norden von Teneriffa.<\/div><time class=\"w-post-elm post_date usg_post_date_1 entry-date published\" datetime=\"2025-10-21T13:56:00+02:00\" title=\"21 Oktober 2025 um 13:56:00 +02:00\u00a0Uhr\">vor 5\u00a0Monaten<\/time><\/div>\t\t<\/div>\n\t\t\t<\/article>\n\t<article class=\"w-grid-item post-2553 post type-post status-publish format-standard has-post-thumbnail hentry category-nicht-kategorisiert\" data-id=\"2553\">\n\t\t<div class=\"w-grid-item-h\">\n\t\t\t\t\t\t<div class=\"w-vwrapper usg_vwrapper_1 align_none valign_top\"><div class=\"w-post-elm post_image usg_post_image_1 stretched\"><a href=\"https:\/\/www.hotelcasajusta.com\/de\/200-jahre-geschichte-im-casa-justa\/\" aria-label=\"200 Jahre Geschichte im Casa Justa\"><img loading=\"lazy\" decoding=\"async\" width=\"300\" height=\"136\" src=\"https:\/\/www.hotelcasajusta.com\/wp-content\/uploads\/2025\/10\/Rectangle-8-300x136.png\" class=\"attachment-medium size-medium wp-post-image\" alt=\"\" srcset=\"https:\/\/www.hotelcasajusta.com\/wp-content\/uploads\/2025\/10\/Rectangle-8-300x136.png 300w, https:\/\/www.hotelcasajusta.com\/wp-content\/uploads\/2025\/10\/Rectangle-8.png 497w\" sizes=\"auto, (max-width: 300px) 100vw, 300px\" \/><\/a><\/div><p class=\"w-post-elm post_title usg_post_title_1 has_text_color entry-title\"><a href=\"https:\/\/www.hotelcasajusta.com\/de\/200-jahre-geschichte-im-casa-justa\/\">200 Jahre Geschichte im Casa Justa<\/a><\/p><div class=\"w-post-elm post_content usg_post_content_1\">Entdecke, wie dieses emblematische Haus in Tegueste dem Lauf der Zeit standgehalten hat und sich in ein Boutique-Refugium verwandelt hat. Geschichten seiner ehemaligen Bewohner, architektonische Kuriosit\u00e4ten und wie wir seine&hellip;<\/div><time class=\"w-post-elm post_date usg_post_date_1 entry-date published\" datetime=\"2025-10-08T12:56:56+02:00\" title=\"8 Oktober 2025 um 12:56:56 +02:00\u00a0Uhr\">vor 6\u00a0Monaten<\/time><\/div>\t\t<\/div>\n\t\t\t<\/article>\n\t<article class=\"w-grid-item post-2613 post type-post status-publish format-standard has-post-thumbnail hentry category-nicht-kategorisiert\" data-id=\"2613\">\n\t\t<div class=\"w-grid-item-h\">\n\t\t\t\t\t\t<div class=\"w-vwrapper usg_vwrapper_1 align_none valign_top\"><div class=\"w-post-elm post_image usg_post_image_1 stretched\"><a href=\"https:\/\/www.hotelcasajusta.com\/de\/kanarische-gastronomie-aromen-die-sie-sich-nicht-entgehen-lassen-sollten\/\" aria-label=\"Kanarische Gastronomie: Aromen, die Sie sich nicht entgehen lassen sollten\"><img loading=\"lazy\" decoding=\"async\" width=\"300\" height=\"132\" src=\"https:\/\/www.hotelcasajusta.com\/wp-content\/uploads\/2025\/10\/Rectangle-9-300x132.png\" class=\"attachment-medium size-medium wp-post-image\" alt=\"\" srcset=\"https:\/\/www.hotelcasajusta.com\/wp-content\/uploads\/2025\/10\/Rectangle-9-300x132.png 300w, https:\/\/www.hotelcasajusta.com\/wp-content\/uploads\/2025\/10\/Rectangle-9.png 497w\" sizes=\"auto, (max-width: 300px) 100vw, 300px\" \/><\/a><\/div><p class=\"w-post-elm post_title usg_post_title_1 has_text_color entry-title\"><a href=\"https:\/\/www.hotelcasajusta.com\/de\/kanarische-gastronomie-aromen-die-sie-sich-nicht-entgehen-lassen-sollten\/\">Kanarische Gastronomie: Aromen, die Sie sich nicht entgehen lassen sollten<\/a><\/p><div class=\"w-post-elm post_content usg_post_content_1\">Empfehlungen f\u00fcr Gerichte, lokale Produkte und nahegelegene Restaurants. Von traditionellen Tapas bis hin zu Gourmet-Erlebnissen, mit Tipps, wie Sie die authentische K\u00fcche Teneriffas w\u00e4hrend Ihres Aufenthalts genie\u00dfen k\u00f6nnen.<\/div><time class=\"w-post-elm post_date usg_post_date_1 entry-date published\" datetime=\"2025-10-07T15:36:32+02:00\" title=\"7 Oktober 2025 um 15:36:32 +02:00\u00a0Uhr\">vor 6\u00a0Monaten<\/time><\/div>\t\t<\/div>\n\t\t\t<\/article>\n\t<article class=\"w-grid-item post-2602 post type-post status-publish format-standard has-post-thumbnail hentry category-nicht-kategorisiert\" data-id=\"2602\">\n\t\t<div class=\"w-grid-item-h\">\n\t\t\t\t\t\t<div class=\"w-vwrapper usg_vwrapper_1 align_none valign_top\"><div class=\"w-post-elm post_image usg_post_image_1 stretched\"><a href=\"https:\/\/www.hotelcasajusta.com\/de\/routen-und-geheimnisse-von-tegueste-und-dem-norden-teneriffas\/\" aria-label=\"Routen und Geheimnisse von Tegueste und dem Norden Teneriffas\"><img loading=\"lazy\" decoding=\"async\" width=\"300\" height=\"130\" src=\"https:\/\/www.hotelcasajusta.com\/wp-content\/uploads\/2025\/10\/Rectangle-10-300x130.png\" class=\"attachment-medium size-medium wp-post-image\" alt=\"\" srcset=\"https:\/\/www.hotelcasajusta.com\/wp-content\/uploads\/2025\/10\/Rectangle-10-300x130.png 300w, https:\/\/www.hotelcasajusta.com\/wp-content\/uploads\/2025\/10\/Rectangle-10.png 497w\" sizes=\"auto, (max-width: 300px) 100vw, 300px\" \/><\/a><\/div><p class=\"w-post-elm post_title usg_post_title_1 has_text_color entry-title\"><a href=\"https:\/\/www.hotelcasajusta.com\/de\/routen-und-geheimnisse-von-tegueste-und-dem-norden-teneriffas\/\">Routen und Geheimnisse von Tegueste und dem Norden Teneriffas<\/a><\/p><div class=\"w-post-elm post_content usg_post_content_1\">Routen und Geheimnisse von Tegueste und dem Norden Teneriffas Ein praktischer Leitfaden f\u00fcr Liebhaber des Wanderns, des Weintourismus und der lokalen Kultur. Enth\u00e4lt Routen durch Weinberge, Besuche von Weing\u00fctern, Aussichtspunkte&hellip;<\/div><time class=\"w-post-elm post_date usg_post_date_1 entry-date published\" datetime=\"2025-10-07T15:35:53+02:00\" title=\"7 Oktober 2025 um 15:35:53 +02:00\u00a0Uhr\">vor 6\u00a0Monaten<\/time><\/div>\t\t<\/div>\n\t\t\t<\/article>\n<\/div>\t<div class=\"g-preloader type_1\">\n\t\t<div><\/div>\n\t<\/div>\n\t\t<div class=\"w-grid-json hidden\" onclick='return {&quot;action&quot;:&quot;us_ajax_grid&quot;,&quot;infinite_scroll&quot;:0,&quot;max_num_pages&quot;:1,&quot;pagination&quot;:&quot;none&quot;,&quot;template_vars&quot;:{&quot;columns&quot;:&quot;&quot;,&quot;exclude_items&quot;:&quot;none&quot;,&quot;img_size&quot;:&quot;medium&quot;,&quot;ignore_items_size&quot;:&quot;1&quot;,&quot;items_layout&quot;:&quot;240&quot;,&quot;items_offset&quot;:&quot;0px&quot;,&quot;load_animation&quot;:&quot;none&quot;,&quot;overriding_link&quot;:&quot;%7B%22url%22%3A%22%22%7D&quot;,&quot;post_id&quot;:0,&quot;query_args&quot;:{&quot;post_type&quot;:[&quot;post&quot;],&quot;post_status&quot;:[&quot;publish&quot;,&quot;acf-disabled&quot;],&quot;posts_per_page&quot;:&quot;10&quot;},&quot;orderby_query_args&quot;:{&quot;orderby&quot;:{&quot;date&quot;:&quot;DESC&quot;}},&quot;type&quot;:&quot;carousel&quot;,&quot;us_grid_post_type&quot;:&quot;post&quot;,&quot;us_grid_ajax_index&quot;:1,&quot;us_grid_filter_query_string&quot;:null,&quot;us_grid_index&quot;:1,&quot;page_args&quot;:[],&quot;lang&quot;:&quot;de&quot;},&quot;carousel_settings&quot;:{&quot;aria_labels&quot;:{&quot;prev&quot;:&quot;Zur\\u00fcck&quot;,&quot;next&quot;:&quot;Weiter&quot;},&quot;autoplayContinual&quot;:false,&quot;autoplayHoverPause&quot;:false,&quot;autoplayTimeout&quot;:3000,&quot;autoWidth&quot;:false,&quot;smartSpeed&quot;:350,&quot;margin&quot;:0,&quot;mouseDrag&quot;:true,&quot;rtl&quot;:false,&quot;slideBy&quot;:&quot;1&quot;,&quot;touchDrag&quot;:true,&quot;slideTransition&quot;:&quot;&quot;,&quot;responsive&quot;:{&quot;0&quot;:{&quot;autoHeight&quot;:false,&quot;autoplay&quot;:false,&quot;autoWidth&quot;:false,&quot;center&quot;:false,&quot;dots&quot;:true,&quot;items&quot;:1,&quot;loop&quot;:false,&quot;nav&quot;:false,&quot;stagePadding&quot;:0,&quot;slideBy&quot;:&quot;1&quot;},&quot;651&quot;:{&quot;autoHeight&quot;:false,&quot;autoplay&quot;:false,&quot;autoWidth&quot;:false,&quot;center&quot;:false,&quot;dots&quot;:false,&quot;items&quot;:2,&quot;loop&quot;:false,&quot;nav&quot;:false,&quot;stagePadding&quot;:0,&quot;slideBy&quot;:&quot;1&quot;},&quot;1025&quot;:{&quot;items&quot;:3,&quot;autoplay&quot;:false,&quot;center&quot;:false,&quot;dots&quot;:false,&quot;nav&quot;:true,&quot;autoHeight&quot;:false,&quot;autoWidth&quot;:false,&quot;loop&quot;:true,&quot;stagePadding&quot;:0}}}}'><\/div>\n\t<\/div><\/div><\/div><\/div><\/div><\/div><\/section>\n","protected":false},"excerpt":{"rendered":"Routen und Geheimnisse von Tegueste und dem Norden Teneriffas Ein praktischer Leitfaden f\u00fcr Liebhaber des Wanderns, des Weintourismus und der lokalen Kultur. Enth\u00e4lt Routen durch Weinberge, Besuche von Weing\u00fctern, Aussichtspunkte und weniger bekannte Ecken, um Teneriffa wie ein Einheimischer zu erleben.","protected":false},"author":1,"featured_media":0,"parent":0,"menu_order":0,"comment_status":"closed","ping_status":"closed","template":"","meta":{"_acf_changed":false,"footnotes":""},"class_list":["post-2023","page","type-page","status-publish","hentry"],"acf":[],"yoast_head":"<!-- This site is optimized with the Yoast SEO plugin v27.3 - https:\/\/yoast.com\/product\/yoast-seo-wordpress\/ -->\n<title>Blog | Hotel Casa Justa<\/title>\n<meta name=\"description\" content=\"Lassen Sie sich im Blog von Casa Justa von Routen, Str\u00e4nden, charmanten D\u00f6rfern und l\u00e4ndlichen Pl\u00e4nen auf Teneriffa inspirieren.\" \/>\n<meta name=\"robots\" content=\"index, follow, max-snippet:-1, max-image-preview:large, max-video-preview:-1\" \/>\n<link rel=\"canonical\" href=\"https:\/\/www.hotelcasajusta.com\/de\/blog\/\" \/>\n<meta property=\"og:locale\" content=\"de_DE\" \/>\n<meta property=\"og:type\" content=\"article\" \/>\n<meta property=\"og:title\" content=\"Blog | Hotel Casa Justa\" \/>\n<meta property=\"og:description\" content=\"Lassen Sie sich im Blog von Casa Justa von Routen, Str\u00e4nden, charmanten D\u00f6rfern und l\u00e4ndlichen Pl\u00e4nen auf Teneriffa inspirieren.\" \/>\n<meta property=\"og:url\" content=\"https:\/\/www.hotelcasajusta.com\/de\/blog\/\" \/>\n<meta property=\"og:site_name\" content=\"hotelcasajusta\" \/>\n<meta property=\"article:modified_time\" content=\"2025-12-30T10:51:12+00:00\" \/>\n<meta name=\"twitter:card\" content=\"summary_large_image\" \/>\n<meta name=\"twitter:label1\" content=\"Gesch\u00e4tzte Lesezeit\" \/>\n\t<meta name=\"twitter:data1\" content=\"1\u00a0Minute\" \/>\n<script type=\"application\/ld+json\" class=\"yoast-schema-graph\">{\"@context\":\"https:\\\/\\\/schema.org\",\"@graph\":[{\"@type\":\"WebPage\",\"@id\":\"https:\\\/\\\/www.hotelcasajusta.com\\\/de\\\/blog\\\/\",\"url\":\"https:\\\/\\\/www.hotelcasajusta.com\\\/de\\\/blog\\\/\",\"name\":\"Blog | Hotel Casa Justa\",\"isPartOf\":{\"@id\":\"https:\\\/\\\/www.hotelcasajusta.com\\\/de\\\/#website\"},\"datePublished\":\"2025-10-07T13:12:39+00:00\",\"dateModified\":\"2025-12-30T10:51:12+00:00\",\"description\":\"Lassen Sie sich im Blog von Casa Justa von Routen, Str\u00e4nden, charmanten D\u00f6rfern und l\u00e4ndlichen Pl\u00e4nen auf Teneriffa inspirieren.\",\"breadcrumb\":{\"@id\":\"https:\\\/\\\/www.hotelcasajusta.com\\\/de\\\/blog\\\/#breadcrumb\"},\"inLanguage\":\"de\",\"potentialAction\":[{\"@type\":\"ReadAction\",\"target\":[\"https:\\\/\\\/www.hotelcasajusta.com\\\/de\\\/blog\\\/\"]}]},{\"@type\":\"BreadcrumbList\",\"@id\":\"https:\\\/\\\/www.hotelcasajusta.com\\\/de\\\/blog\\\/#breadcrumb\",\"itemListElement\":[{\"@type\":\"ListItem\",\"position\":1,\"name\":\"Portada\",\"item\":\"https:\\\/\\\/www.hotelcasajusta.com\\\/de\\\/\"},{\"@type\":\"ListItem\",\"position\":2,\"name\":\"Blog\"}]},{\"@type\":\"WebSite\",\"@id\":\"https:\\\/\\\/www.hotelcasajusta.com\\\/de\\\/#website\",\"url\":\"https:\\\/\\\/www.hotelcasajusta.com\\\/de\\\/\",\"name\":\"hotelcasajusta\",\"description\":\"\",\"potentialAction\":[{\"@type\":\"SearchAction\",\"target\":{\"@type\":\"EntryPoint\",\"urlTemplate\":\"https:\\\/\\\/www.hotelcasajusta.com\\\/de\\\/?s={search_term_string}\"},\"query-input\":{\"@type\":\"PropertyValueSpecification\",\"valueRequired\":true,\"valueName\":\"search_term_string\"}}],\"inLanguage\":\"de\"}]}<\/script>\n<!-- \/ Yoast SEO plugin. -->","yoast_head_json":{"title":"Blog | Hotel Casa Justa","description":"Lassen Sie sich im Blog von Casa Justa von Routen, Str\u00e4nden, charmanten D\u00f6rfern und l\u00e4ndlichen Pl\u00e4nen auf Teneriffa inspirieren.","robots":{"index":"index","follow":"follow","max-snippet":"max-snippet:-1","max-image-preview":"max-image-preview:large","max-video-preview":"max-video-preview:-1"},"canonical":"https:\/\/www.hotelcasajusta.com\/de\/blog\/","og_locale":"de_DE","og_type":"article","og_title":"Blog | Hotel Casa Justa","og_description":"Lassen Sie sich im Blog von Casa Justa von Routen, Str\u00e4nden, charmanten D\u00f6rfern und l\u00e4ndlichen Pl\u00e4nen auf Teneriffa inspirieren.","og_url":"https:\/\/www.hotelcasajusta.com\/de\/blog\/","og_site_name":"hotelcasajusta","article_modified_time":"2025-12-30T10:51:12+00:00","twitter_card":"summary_large_image","twitter_misc":{"Gesch\u00e4tzte Lesezeit":"1\u00a0Minute"},"schema":{"@context":"https:\/\/schema.org","@graph":[{"@type":"WebPage","@id":"https:\/\/www.hotelcasajusta.com\/de\/blog\/","url":"https:\/\/www.hotelcasajusta.com\/de\/blog\/","name":"Blog | Hotel Casa Justa","isPartOf":{"@id":"https:\/\/www.hotelcasajusta.com\/de\/#website"},"datePublished":"2025-10-07T13:12:39+00:00","dateModified":"2025-12-30T10:51:12+00:00","description":"Lassen Sie sich im Blog von Casa Justa von Routen, Str\u00e4nden, charmanten D\u00f6rfern und l\u00e4ndlichen Pl\u00e4nen auf Teneriffa inspirieren.","breadcrumb":{"@id":"https:\/\/www.hotelcasajusta.com\/de\/blog\/#breadcrumb"},"inLanguage":"de","potentialAction":[{"@type":"ReadAction","target":["https:\/\/www.hotelcasajusta.com\/de\/blog\/"]}]},{"@type":"BreadcrumbList","@id":"https:\/\/www.hotelcasajusta.com\/de\/blog\/#breadcrumb","itemListElement":[{"@type":"ListItem","position":1,"name":"Portada","item":"https:\/\/www.hotelcasajusta.com\/de\/"},{"@type":"ListItem","position":2,"name":"Blog"}]},{"@type":"WebSite","@id":"https:\/\/www.hotelcasajusta.com\/de\/#website","url":"https:\/\/www.hotelcasajusta.com\/de\/","name":"hotelcasajusta","description":"","potentialAction":[{"@type":"SearchAction","target":{"@type":"EntryPoint","urlTemplate":"https:\/\/www.hotelcasajusta.com\/de\/?s={search_term_string}"},"query-input":{"@type":"PropertyValueSpecification","valueRequired":true,"valueName":"search_term_string"}}],"inLanguage":"de"}]}},"_links":{"self":[{"href":"https:\/\/www.hotelcasajusta.com\/de\/wp-json\/wp\/v2\/pages\/2023","targetHints":{"allow":["GET"]}}],"collection":[{"href":"https:\/\/www.hotelcasajusta.com\/de\/wp-json\/wp\/v2\/pages"}],"about":[{"href":"https:\/\/www.hotelcasajusta.com\/de\/wp-json\/wp\/v2\/types\/page"}],"author":[{"embeddable":true,"href":"https:\/\/www.hotelcasajusta.com\/de\/wp-json\/wp\/v2\/users\/1"}],"replies":[{"embeddable":true,"href":"https:\/\/www.hotelcasajusta.com\/de\/wp-json\/wp\/v2\/comments?post=2023"}],"version-history":[{"count":11,"href":"https:\/\/www.hotelcasajusta.com\/de\/wp-json\/wp\/v2\/pages\/2023\/revisions"}],"predecessor-version":[{"id":2188,"href":"https:\/\/www.hotelcasajusta.com\/de\/wp-json\/wp\/v2\/pages\/2023\/revisions\/2188"}],"wp:attachment":[{"href":"https:\/\/www.hotelcasajusta.com\/de\/wp-json\/wp\/v2\/media?parent=2023"}],"curies":[{"name":"wp","href":"https:\/\/api.w.org\/{rel}","templated":true}]}}